{"id":2303,"date":"2016-11-11T11:10:18","date_gmt":"2016-11-11T11:10:18","guid":{"rendered":"http:\/\/ld-wp.template-help.com\/wordpress_61155-sample\/?page_id=130"},"modified":"2020-02-28T16:09:16","modified_gmt":"2020-02-28T15:09:16","slug":"nos-produits","status":"publish","type":"page","link":"https:\/\/www.canman.fr\/canman\/nos-produits\/","title":{"rendered":"Nos Produits"},"content":{"rendered":"<p>\u00a0 \u00a0 \u00a0 \u00a0 \u00a0 \u00a0 \u00a0 \u00a0 \u00a0 \u00a0 \u00a0 \u00a0 \u00a0 \u00a0 \u00a0 \u00a0 \u00a0 \u00a0 \u00a0 \u00a0 \u00a0 \u00a0 \u00a0 \u00a0 \u00a0 \u00a0 \u00a0 \u00a0 \u00a0 \u00a0 \u00a0 \u00a0 \u00a0 \u00a0 \u00a0 \u00a0 \u00a0 \u00a0 \u00a0 \u00a0 \u00a0 \u00a0 \u00a0 \u00a0 \u00a0 \u00a0 \u00a0 \u00a0 \u00a0 \u00a0 \u00a0 \u00a0 \u00a0 \u00a0 \u00a0 \u00a0\u00a0L\u2019optimisation\u00a0de votre activit\u00e9 commerciale\u00a0au quotidien CoclicoCoclico est sans doute le seul CRM sp\u00e9cialement d\u00e9di\u00e9 \u00e0 l\u2019activit\u00e9 s\u00e9minaire.D\u00e9veloppez, pilo <a href=\"https:\/\/www.canman.fr\/canman\/nos-produits\/\" title=\"Read more on Nos Produits\" class=\"more-link\">read more<\/a><\/p>\n","protected":false},"excerpt":{"rendered":"<p>\u00a0 \u00a0 \u00a0 \u00a0 \u00a0 \u00a0 \u00a0 \u00a0 \u00a0 \u00a0 \u00a0 \u00a0 \u00a0 \u00a0 \u00a0 \u00a0 \u00a0 \u00a0 \u00a0 \u00a0 \u00a0 \u00a0 \u00a0 \u00a0 \u00a0 \u00a0 \u00a0 \u00a0 \u00a0 \u00a0 \u00a0 \u00a0 \u00a0 \u00a0 \u00a0 \u00a0 \u00a0 \u00a0 \u00a0 \u00a0 \u00a0 \u00a0 \u00a0 \u00a0 \u00a0 \u00a0 \u00a0 \u00a0 \u00a0 \u00a0 \u00a0 \u00a0 \u00a0 \u00a0 \u00a0 &hellip;<\/p>\n","protected":false},"author":1,"featured_media":0,"parent":0,"menu_order":0,"comment_status":"closed","ping_status":"closed","template":"","meta":{"_uag_custom_page_level_css":"","footnotes":""},"uagb_featured_image_src":{"full":false,"thumbnail":false,"medium":false,"medium_large":false,"large":false,"1536x1536":false,"2048x2048":false,"post-thumbnail":false,"bookit-thumb-s":false,"bookit-slider-thumb":false,"bookit-thumb-m":false,"bookit-thumb-m-2":false,"bookit-thumb-masonry":false,"bookit-thumb-l":false,"bookit-thumb-l-2":false,"bookit-thumb-xl":false,"bookit-thumb-xl-2":false,"bookit-author-avatar":false,"bookit-thumb-listing-line-product":false,"bookit-thumb-301-226":false,"bookit-thumb-480-362":false,"bookit-thumb-1355-1020":false},"uagb_author_info":{"display_name":"canman","author_link":"https:\/\/www.canman.fr\/canman\/author\/canman\/"},"uagb_comment_info":0,"uagb_excerpt":"\u00a0 \u00a0 \u00a0 \u00a0 \u00a0 \u00a0 \u00a0 \u00a0 \u00a0 \u00a0 \u00a0 \u00a0 \u00a0 \u00a0 \u00a0 \u00a0 \u00a0 \u00a0 \u00a0 \u00a0 \u00a0 \u00a0 \u00a0 \u00a0 \u00a0 \u00a0 \u00a0 \u00a0 \u00a0 \u00a0 \u00a0 \u00a0 \u00a0 \u00a0 \u00a0 \u00a0 \u00a0 \u00a0 \u00a0 \u00a0 \u00a0 \u00a0 \u00a0 \u00a0 \u00a0 \u00a0 \u00a0 \u00a0 \u00a0 \u00a0 \u00a0 \u00a0 \u00a0 \u00a0 \u00a0\u2026","_links":{"self":[{"href":"https:\/\/www.canman.fr\/canman\/wp-json\/wp\/v2\/pages\/2303"}],"collection":[{"href":"https:\/\/www.canman.fr\/canman\/wp-json\/wp\/v2\/pages"}],"about":[{"href":"https:\/\/www.canman.fr\/canman\/wp-json\/wp\/v2\/types\/page"}],"author":[{"embeddable":true,"href":"https:\/\/www.canman.fr\/canman\/wp-json\/wp\/v2\/users\/1"}],"replies":[{"embeddable":true,"href":"https:\/\/www.canman.fr\/canman\/wp-json\/wp\/v2\/comments?post=2303"}],"version-history":[{"count":190,"href":"https:\/\/www.canman.fr\/canman\/wp-json\/wp\/v2\/pages\/2303\/revisions"}],"predecessor-version":[{"id":6085,"href":"https:\/\/www.canman.fr\/canman\/wp-json\/wp\/v2\/pages\/2303\/revisions\/6085"}],"wp:attachment":[{"href":"https:\/\/www.canman.fr\/canman\/wp-json\/wp\/v2\/media?parent=2303"}],"curies":[{"name":"wp","href":"https:\/\/api.w.org\/{rel}","templated":true}]}}