{"id":2323,"date":"2016-11-13T20:21:21","date_gmt":"2016-11-13T20:21:21","guid":{"rendered":"http:\/\/ld-wp.template-help.com\/wordpress_61155-sample\/?page_id=198"},"modified":"2023-04-21T16:53:05","modified_gmt":"2023-04-21T14:53:05","slug":"services-1-2-3","status":"publish","type":"page","link":"https:\/\/www.canman.fr\/canman\/services-1-2-3\/","title":{"rendered":"Services 1\/2\/3"},"content":{"rendered":"<p>Nos Services\u00a0 Installation &amp; formation Rapides et efficaces, nos installations et formations se font \u00e0 distance par t\u00e9l\u00e9phone et partage d&#8217;\u00e9cran.Installation, les pr\u00e9-requis : PC Windows (toutes les versions de 95 \u00e0 Windows 10), 4Go de m\u00e9moires pour les datas  <a href=\"https:\/\/www.canman.fr\/canman\/services-1-2-3\/\" title=\"Read more on Services 1\/2\/3\" class=\"more-link\">read more<\/a><\/p>\n","protected":false},"excerpt":{"rendered":"<p>Nos Services\u00a0 Installation &amp; formation Rapides et efficaces, nos installations et formations se font \u00e0 distance par t\u00e9l\u00e9phone et partage d&#8217;\u00e9cran.Installation, les pr\u00e9-requis : PC Windows (toutes les versions de 95 \u00e0 Windows 10), 4Go de m\u00e9moires pour les datas (4 \u00e0 5 read more<\/p>\n","protected":false},"author":1,"featured_media":0,"parent":0,"menu_order":0,"comment_status":"closed","ping_status":"closed","template":"","meta":{"_uag_custom_page_level_css":"","footnotes":""},"uagb_featured_image_src":{"full":false,"thumbnail":false,"medium":false,"medium_large":false,"large":false,"1536x1536":false,"2048x2048":false,"post-thumbnail":false,"bookit-thumb-s":false,"bookit-slider-thumb":false,"bookit-thumb-m":false,"bookit-thumb-m-2":false,"bookit-thumb-masonry":false,"bookit-thumb-l":false,"bookit-thumb-l-2":false,"bookit-thumb-xl":false,"bookit-thumb-xl-2":false,"bookit-author-avatar":false,"bookit-thumb-listing-line-product":false,"bookit-thumb-301-226":false,"bookit-thumb-480-362":false,"bookit-thumb-1355-1020":false},"uagb_author_info":{"display_name":"canman","author_link":"https:\/\/www.canman.fr\/canman\/author\/canman\/"},"uagb_comment_info":0,"uagb_excerpt":"Nos Services\u00a0 Installation &amp; formation Rapides et efficaces, nos installations et formations se font \u00e0 distance par t\u00e9l\u00e9phone et partage d&#8217;\u00e9cran.Installation, les pr\u00e9-requis : PC Windows (toutes les versions de 95 \u00e0 Windows 10), 4Go de m\u00e9moires pour les datas (4 \u00e0 5 read more","_links":{"self":[{"href":"https:\/\/www.canman.fr\/canman\/wp-json\/wp\/v2\/pages\/2323"}],"collection":[{"href":"https:\/\/www.canman.fr\/canman\/wp-json\/wp\/v2\/pages"}],"about":[{"href":"https:\/\/www.canman.fr\/canman\/wp-json\/wp\/v2\/types\/page"}],"author":[{"embeddable":true,"href":"https:\/\/www.canman.fr\/canman\/wp-json\/wp\/v2\/users\/1"}],"replies":[{"embeddable":true,"href":"https:\/\/www.canman.fr\/canman\/wp-json\/wp\/v2\/comments?post=2323"}],"version-history":[{"count":167,"href":"https:\/\/www.canman.fr\/canman\/wp-json\/wp\/v2\/pages\/2323\/revisions"}],"predecessor-version":[{"id":6131,"href":"https:\/\/www.canman.fr\/canman\/wp-json\/wp\/v2\/pages\/2323\/revisions\/6131"}],"wp:attachment":[{"href":"https:\/\/www.canman.fr\/canman\/wp-json\/wp\/v2\/media?parent=2323"}],"curies":[{"name":"wp","href":"https:\/\/api.w.org\/{rel}","templated":true}]}}