{"id":2346,"date":"2016-12-15T14:34:42","date_gmt":"2016-12-15T14:34:42","guid":{"rendered":"http:\/\/ld-wp.template-help.com\/wordpress_61155-sample\/?page_id=526"},"modified":"2019-07-31T17:22:31","modified_gmt":"2019-07-31T15:22:31","slug":"faqs","status":"publish","type":"page","link":"https:\/\/www.canman.fr\/canman\/faqs\/","title":{"rendered":"FAQs"},"content":{"rendered":"<p>FAQFoires aux questionsQuelques exemples de questions pos\u00e9esAcc\u00e9dez directement par Coclico \u00e0 l&#8217;aide en ligne d\u00e9di\u00e9eParam\u00e9trages &#8211;&gt; onglet utilisateurs &#8211;&gt; nouvel utilisateur &#8211;&gt; compl\u00e9ter les champs &#8211;&gt; validez la cr\u00e9ationSi ce no <a href=\"https:\/\/www.canman.fr\/canman\/faqs\/\" title=\"Read more on FAQs\" class=\"more-link\">read more<\/a><\/p>\n","protected":false},"excerpt":{"rendered":"<p>FAQFoires aux questionsQuelques exemples de questions pos\u00e9esAcc\u00e9dez directement par Coclico \u00e0 l&#8217;aide en ligne d\u00e9di\u00e9eParam\u00e9trages &#8211;&gt; onglet utilisateurs &#8211;&gt; nouvel utilisateur &#8211;&gt; compl\u00e9ter les champs &#8211;&gt; validez la cr\u00e9ationSi ce nouvel utilisateur remplace read more<\/p>\n","protected":false},"author":1,"featured_media":0,"parent":0,"menu_order":0,"comment_status":"closed","ping_status":"closed","template":"","meta":{"_uag_custom_page_level_css":"","footnotes":""},"uagb_featured_image_src":{"full":false,"thumbnail":false,"medium":false,"medium_large":false,"large":false,"1536x1536":false,"2048x2048":false,"post-thumbnail":false,"bookit-thumb-s":false,"bookit-slider-thumb":false,"bookit-thumb-m":false,"bookit-thumb-m-2":false,"bookit-thumb-masonry":false,"bookit-thumb-l":false,"bookit-thumb-l-2":false,"bookit-thumb-xl":false,"bookit-thumb-xl-2":false,"bookit-author-avatar":false,"bookit-thumb-listing-line-product":false,"bookit-thumb-301-226":false,"bookit-thumb-480-362":false,"bookit-thumb-1355-1020":false},"uagb_author_info":{"display_name":"canman","author_link":"https:\/\/www.canman.fr\/canman\/author\/canman\/"},"uagb_comment_info":0,"uagb_excerpt":"FAQFoires aux questionsQuelques exemples de questions pos\u00e9esAcc\u00e9dez directement par Coclico \u00e0 l&#8217;aide en ligne d\u00e9di\u00e9eParam\u00e9trages &#8211;&gt; onglet utilisateurs &#8211;&gt; nouvel utilisateur &#8211;&gt; compl\u00e9ter les champs &#8211;&gt; validez la cr\u00e9ationSi ce nouvel utilisateur remplace read more","_links":{"self":[{"href":"https:\/\/www.canman.fr\/canman\/wp-json\/wp\/v2\/pages\/2346"}],"collection":[{"href":"https:\/\/www.canman.fr\/canman\/wp-json\/wp\/v2\/pages"}],"about":[{"href":"https:\/\/www.canman.fr\/canman\/wp-json\/wp\/v2\/types\/page"}],"author":[{"embeddable":true,"href":"https:\/\/www.canman.fr\/canman\/wp-json\/wp\/v2\/users\/1"}],"replies":[{"embeddable":true,"href":"https:\/\/www.canman.fr\/canman\/wp-json\/wp\/v2\/comments?post=2346"}],"version-history":[{"count":18,"href":"https:\/\/www.canman.fr\/canman\/wp-json\/wp\/v2\/pages\/2346\/revisions"}],"predecessor-version":[{"id":6047,"href":"https:\/\/www.canman.fr\/canman\/wp-json\/wp\/v2\/pages\/2346\/revisions\/6047"}],"wp:attachment":[{"href":"https:\/\/www.canman.fr\/canman\/wp-json\/wp\/v2\/media?parent=2346"}],"curies":[{"name":"wp","href":"https:\/\/api.w.org\/{rel}","templated":true}]}}