{"id":2488,"date":"2018-11-28T13:00:26","date_gmt":"2018-11-28T12:00:26","guid":{"rendered":"http:\/\/canman.fr\/canman\/?page_id=2488"},"modified":"2024-02-23T15:33:12","modified_gmt":"2024-02-23T14:33:12","slug":"accueil","status":"publish","type":"page","link":"https:\/\/www.canman.fr\/canman\/","title":{"rendered":"Accueil"},"content":{"rendered":"<p>\u00a0Editeur de logiciels de gestion commerciale et CRM d\u00e9di\u00e9s aux secteurs : h\u00f4tellerie\/tourisme, loisirs, \u00e9v\u00e9nementiel &#8230; D\u00e9couvrez Coclico D\u00e9couvrez PackRet D\u00e9couvrez\u00a0 onsevoitou.com Qui sommes-nous ? 1994 Cr\u00e9ation de Can Man SAS 2024 \u00a0 390 000 propositions commerci <a href=\"https:\/\/www.canman.fr\/canman\/\" title=\"Read more on Accueil\" class=\"more-link\">read more<\/a><\/p>\n","protected":false},"excerpt":{"rendered":"<p>\u00a0Editeur de logiciels de gestion commerciale et CRM d\u00e9di\u00e9s aux secteurs : h\u00f4tellerie\/tourisme, loisirs, \u00e9v\u00e9nementiel &#8230; D\u00e9couvrez Coclico D\u00e9couvrez PackRet D\u00e9couvrez\u00a0 onsevoitou.com Qui sommes-nous ? 1994 Cr\u00e9ation de Can Man SAS 2024 \u00a0 390 000 propositions commerciales read more<\/p>\n","protected":false},"author":1,"featured_media":0,"parent":0,"menu_order":0,"comment_status":"closed","ping_status":"closed","template":"","meta":{"_uag_custom_page_level_css":"","footnotes":""},"uagb_featured_image_src":{"full":false,"thumbnail":false,"medium":false,"medium_large":false,"large":false,"1536x1536":false,"2048x2048":false,"post-thumbnail":false,"bookit-thumb-s":false,"bookit-slider-thumb":false,"bookit-thumb-m":false,"bookit-thumb-m-2":false,"bookit-thumb-masonry":false,"bookit-thumb-l":false,"bookit-thumb-l-2":false,"bookit-thumb-xl":false,"bookit-thumb-xl-2":false,"bookit-author-avatar":false,"bookit-thumb-listing-line-product":false,"bookit-thumb-301-226":false,"bookit-thumb-480-362":false,"bookit-thumb-1355-1020":false},"uagb_author_info":{"display_name":"canman","author_link":"https:\/\/www.canman.fr\/canman\/author\/canman\/"},"uagb_comment_info":0,"uagb_excerpt":"\u00a0Editeur de logiciels de gestion commerciale et CRM d\u00e9di\u00e9s aux secteurs : h\u00f4tellerie\/tourisme, loisirs, \u00e9v\u00e9nementiel &#8230; D\u00e9couvrez Coclico D\u00e9couvrez PackRet D\u00e9couvrez\u00a0 onsevoitou.com Qui sommes-nous ? 1994 Cr\u00e9ation de Can Man SAS 2024 \u00a0 390 000 propositions commerciales read more","_links":{"self":[{"href":"https:\/\/www.canman.fr\/canman\/wp-json\/wp\/v2\/pages\/2488"}],"collection":[{"href":"https:\/\/www.canman.fr\/canman\/wp-json\/wp\/v2\/pages"}],"about":[{"href":"https:\/\/www.canman.fr\/canman\/wp-json\/wp\/v2\/types\/page"}],"author":[{"embeddable":true,"href":"https:\/\/www.canman.fr\/canman\/wp-json\/wp\/v2\/users\/1"}],"replies":[{"embeddable":true,"href":"https:\/\/www.canman.fr\/canman\/wp-json\/wp\/v2\/comments?post=2488"}],"version-history":[{"count":433,"href":"https:\/\/www.canman.fr\/canman\/wp-json\/wp\/v2\/pages\/2488\/revisions"}],"predecessor-version":[{"id":6165,"href":"https:\/\/www.canman.fr\/canman\/wp-json\/wp\/v2\/pages\/2488\/revisions\/6165"}],"wp:attachment":[{"href":"https:\/\/www.canman.fr\/canman\/wp-json\/wp\/v2\/media?parent=2488"}],"curies":[{"name":"wp","href":"https:\/\/api.w.org\/{rel}","templated":true}]}}