{"id":2873,"date":"2020-06-24T15:40:40","date_gmt":"2020-06-24T13:40:40","guid":{"rendered":"http:\/\/canman.fr\/canman\/?page_id=2873"},"modified":"2024-02-23T16:14:40","modified_gmt":"2024-02-23T15:14:40","slug":"packret","status":"publish","type":"page","link":"https:\/\/www.canman.fr\/canman\/packret\/","title":{"rendered":"PackRet"},"content":{"rendered":"<p>PackRetProchainement\u00a0: une solution de gestion commerciale et de CRM en fullweb = Cloud.Solution en cloud CRM et gestion commercialePackret fonctionnera \u00e0 partir de votre navigateur internet avec login et mot de passe (ou via SSO de votre \u00e9tablissement). Id\u00e9alement con\u00e7 <a href=\"https:\/\/www.canman.fr\/canman\/packret\/\" title=\"Read more on PackRet\" class=\"more-link\">read more<\/a><\/p>\n","protected":false},"excerpt":{"rendered":"<p>PackRet Prochainement\u00a0: une solution de gestion commerciale et de CRM en fullweb = Cloud. Solution en cloud CRM et gestion commerciale Packret fonctionnera \u00e0 partir de votre navigateur internet avec login et mot de passe (ou via SSO de votre \u00e9tablissement). Id\u00e9alement c read more<\/p>\n","protected":false},"author":1,"featured_media":0,"parent":0,"menu_order":0,"comment_status":"closed","ping_status":"closed","template":"","meta":{"_uag_custom_page_level_css":"","footnotes":""},"uagb_featured_image_src":{"full":false,"thumbnail":false,"medium":false,"medium_large":false,"large":false,"1536x1536":false,"2048x2048":false,"post-thumbnail":false,"bookit-thumb-s":false,"bookit-slider-thumb":false,"bookit-thumb-m":false,"bookit-thumb-m-2":false,"bookit-thumb-masonry":false,"bookit-thumb-l":false,"bookit-thumb-l-2":false,"bookit-thumb-xl":false,"bookit-thumb-xl-2":false,"bookit-author-avatar":false,"bookit-thumb-listing-line-product":false,"bookit-thumb-301-226":false,"bookit-thumb-480-362":false,"bookit-thumb-1355-1020":false},"uagb_author_info":{"display_name":"canman","author_link":"https:\/\/www.canman.fr\/canman\/author\/canman\/"},"uagb_comment_info":0,"uagb_excerpt":"PackRet Prochainement\u00a0: une solution de gestion commerciale et de CRM en fullweb = Cloud. Solution en cloud CRM et gestion commerciale Packret fonctionnera \u00e0 partir de votre navigateur internet avec login et mot de passe (ou via SSO de votre \u00e9tablissement). Id\u00e9alement c read more","_links":{"self":[{"href":"https:\/\/www.canman.fr\/canman\/wp-json\/wp\/v2\/pages\/2873"}],"collection":[{"href":"https:\/\/www.canman.fr\/canman\/wp-json\/wp\/v2\/pages"}],"about":[{"href":"https:\/\/www.canman.fr\/canman\/wp-json\/wp\/v2\/types\/page"}],"author":[{"embeddable":true,"href":"https:\/\/www.canman.fr\/canman\/wp-json\/wp\/v2\/users\/1"}],"replies":[{"embeddable":true,"href":"https:\/\/www.canman.fr\/canman\/wp-json\/wp\/v2\/comments?post=2873"}],"version-history":[{"count":49,"href":"https:\/\/www.canman.fr\/canman\/wp-json\/wp\/v2\/pages\/2873\/revisions"}],"predecessor-version":[{"id":6177,"href":"https:\/\/www.canman.fr\/canman\/wp-json\/wp\/v2\/pages\/2873\/revisions\/6177"}],"wp:attachment":[{"href":"https:\/\/www.canman.fr\/canman\/wp-json\/wp\/v2\/media?parent=2873"}],"curies":[{"name":"wp","href":"https:\/\/api.w.org\/{rel}","templated":true}]}}