{"id":2876,"date":"2018-12-04T15:41:52","date_gmt":"2018-12-04T14:41:52","guid":{"rendered":"http:\/\/canman.fr\/canman\/?page_id=2876"},"modified":"2019-07-31T15:55:18","modified_gmt":"2019-07-31T13:55:18","slug":"onsevoitou","status":"publish","type":"page","link":"https:\/\/www.canman.fr\/canman\/onsevoitou\/","title":{"rendered":"Onsevoitou"},"content":{"rendered":"<p>\u00a0 \u00a0 \u00a0 \u00a0 \u00a0 \u00a0 \u00a0 \u00a0 \u00a0 \u00a0 \u00a0 \u00a0 \u00a0 \u00a0 \u00a0 \u00a0 \u00a0 \u00a0 \u00a0 \u00a0 \u00a0 \u00a0 \u00a0 \u00a0 \u00a0 \u00a0 \u00a0 \u00a0 \u00a0 \u00a0 OnsevoitouLe site internet de vos participantsLe site internet www.onsevoitou.com permet \u00e0 un participant d&#8217;un \u00e9v\u00e9nement de tout savoir sur celui-ci :Avec ses codes d&#8217;acc\u00e8s, un participant dispose d <a href=\"https:\/\/www.canman.fr\/canman\/onsevoitou\/\" title=\"Read more on Onsevoitou\" class=\"more-link\">read more<\/a><\/p>\n","protected":false},"excerpt":{"rendered":"<p>\u00a0 \u00a0 \u00a0 \u00a0 \u00a0 \u00a0 \u00a0 \u00a0 \u00a0 \u00a0 \u00a0 \u00a0 \u00a0 \u00a0 \u00a0 \u00a0 \u00a0 \u00a0 \u00a0 \u00a0 \u00a0 \u00a0 \u00a0 \u00a0 \u00a0 \u00a0 \u00a0 \u00a0 \u00a0 \u00a0 OnsevoitouLe site internet de vos participantsLe site internet www.onsevoitou.com permet \u00e0 un participant d&#8217;un \u00e9v\u00e9nement de tout savoir sur celui-ci :Avec ses codes d&#8217;acc\u00e8s, un &hellip;<\/p>\n","protected":false},"author":1,"featured_media":0,"parent":0,"menu_order":0,"comment_status":"closed","ping_status":"closed","template":"","meta":{"_uag_custom_page_level_css":"","footnotes":""},"uagb_featured_image_src":{"full":false,"thumbnail":false,"medium":false,"medium_large":false,"large":false,"1536x1536":false,"2048x2048":false,"post-thumbnail":false,"bookit-thumb-s":false,"bookit-slider-thumb":false,"bookit-thumb-m":false,"bookit-thumb-m-2":false,"bookit-thumb-masonry":false,"bookit-thumb-l":false,"bookit-thumb-l-2":false,"bookit-thumb-xl":false,"bookit-thumb-xl-2":false,"bookit-author-avatar":false,"bookit-thumb-listing-line-product":false,"bookit-thumb-301-226":false,"bookit-thumb-480-362":false,"bookit-thumb-1355-1020":false},"uagb_author_info":{"display_name":"canman","author_link":"https:\/\/www.canman.fr\/canman\/author\/canman\/"},"uagb_comment_info":0,"uagb_excerpt":"\u00a0 \u00a0 \u00a0 \u00a0 \u00a0 \u00a0 \u00a0 \u00a0 \u00a0 \u00a0 \u00a0 \u00a0 \u00a0 \u00a0 \u00a0 \u00a0 \u00a0 \u00a0 \u00a0 \u00a0 \u00a0 \u00a0 \u00a0 \u00a0 \u00a0 \u00a0 \u00a0 \u00a0 \u00a0 \u00a0 OnsevoitouLe site internet de vos participantsLe site internet www.onsevoitou.com permet \u00e0 un participant d&#8217;un \u00e9v\u00e9nement de tout savoir sur celui-ci :Avec ses codes d&#8217;acc\u00e8s, un\u2026","_links":{"self":[{"href":"https:\/\/www.canman.fr\/canman\/wp-json\/wp\/v2\/pages\/2876"}],"collection":[{"href":"https:\/\/www.canman.fr\/canman\/wp-json\/wp\/v2\/pages"}],"about":[{"href":"https:\/\/www.canman.fr\/canman\/wp-json\/wp\/v2\/types\/page"}],"author":[{"embeddable":true,"href":"https:\/\/www.canman.fr\/canman\/wp-json\/wp\/v2\/users\/1"}],"replies":[{"embeddable":true,"href":"https:\/\/www.canman.fr\/canman\/wp-json\/wp\/v2\/comments?post=2876"}],"version-history":[{"count":40,"href":"https:\/\/www.canman.fr\/canman\/wp-json\/wp\/v2\/pages\/2876\/revisions"}],"predecessor-version":[{"id":6045,"href":"https:\/\/www.canman.fr\/canman\/wp-json\/wp\/v2\/pages\/2876\/revisions\/6045"}],"wp:attachment":[{"href":"https:\/\/www.canman.fr\/canman\/wp-json\/wp\/v2\/media?parent=2876"}],"curies":[{"name":"wp","href":"https:\/\/api.w.org\/{rel}","templated":true}]}}