{"id":4581,"date":"2019-02-05T11:25:01","date_gmt":"2019-02-05T10:25:01","guid":{"rendered":"http:\/\/canman.fr\/canman\/?page_id=4581"},"modified":"2019-03-18T15:01:25","modified_gmt":"2019-03-18T14:01:25","slug":"nos-services","status":"publish","type":"page","link":"https:\/\/www.canman.fr\/canman\/nos-services\/","title":{"rendered":"Nos Services"},"content":{"rendered":"<p>Vous trouverez avec nous les services adapt\u00e9s \u00e0 chacun de vos besoins, pour toujours mieux vous consacrer \u00e0 vos clients ! &nbsp; Installation &amp; formation Hotline et E-mail Aide en ligne R\u00e9cup\u00e9ration de vos donn\u00e9es D\u00e9veloppements sp\u00e9cifiques SIP site internet partici <a href=\"https:\/\/www.canman.fr\/canman\/nos-services\/\" title=\"Read more on Nos Services\" class=\"more-link\">read more<\/a><\/p>\n","protected":false},"excerpt":{"rendered":"<p>Vous trouverez avec nous les services adapt\u00e9s \u00e0 chacun de vos besoins, pour toujours mieux vous consacrer \u00e0 vos clients ! &nbsp; Installation &amp; formation Hotline et E-mail Aide en ligne R\u00e9cup\u00e9ration de vos donn\u00e9es D\u00e9veloppements sp\u00e9cifiques SIP site internet partici read more<\/p>\n","protected":false},"author":1,"featured_media":0,"parent":0,"menu_order":0,"comment_status":"closed","ping_status":"closed","template":"","meta":{"_uag_custom_page_level_css":"","footnotes":""},"uagb_featured_image_src":{"full":false,"thumbnail":false,"medium":false,"medium_large":false,"large":false,"1536x1536":false,"2048x2048":false,"post-thumbnail":false,"bookit-thumb-s":false,"bookit-slider-thumb":false,"bookit-thumb-m":false,"bookit-thumb-m-2":false,"bookit-thumb-masonry":false,"bookit-thumb-l":false,"bookit-thumb-l-2":false,"bookit-thumb-xl":false,"bookit-thumb-xl-2":false,"bookit-author-avatar":false,"bookit-thumb-listing-line-product":false,"bookit-thumb-301-226":false,"bookit-thumb-480-362":false,"bookit-thumb-1355-1020":false},"uagb_author_info":{"display_name":"canman","author_link":"https:\/\/www.canman.fr\/canman\/author\/canman\/"},"uagb_comment_info":0,"uagb_excerpt":"Vous trouverez avec nous les services adapt\u00e9s \u00e0 chacun de vos besoins, pour toujours mieux vous consacrer \u00e0 vos clients ! &nbsp; Installation &amp; formation Hotline et E-mail Aide en ligne R\u00e9cup\u00e9ration de vos donn\u00e9es D\u00e9veloppements sp\u00e9cifiques SIP site internet partici read more","_links":{"self":[{"href":"https:\/\/www.canman.fr\/canman\/wp-json\/wp\/v2\/pages\/4581"}],"collection":[{"href":"https:\/\/www.canman.fr\/canman\/wp-json\/wp\/v2\/pages"}],"about":[{"href":"https:\/\/www.canman.fr\/canman\/wp-json\/wp\/v2\/types\/page"}],"author":[{"embeddable":true,"href":"https:\/\/www.canman.fr\/canman\/wp-json\/wp\/v2\/users\/1"}],"replies":[{"embeddable":true,"href":"https:\/\/www.canman.fr\/canman\/wp-json\/wp\/v2\/comments?post=4581"}],"version-history":[{"count":43,"href":"https:\/\/www.canman.fr\/canman\/wp-json\/wp\/v2\/pages\/4581\/revisions"}],"predecessor-version":[{"id":5568,"href":"https:\/\/www.canman.fr\/canman\/wp-json\/wp\/v2\/pages\/4581\/revisions\/5568"}],"wp:attachment":[{"href":"https:\/\/www.canman.fr\/canman\/wp-json\/wp\/v2\/media?parent=4581"}],"curies":[{"name":"wp","href":"https:\/\/api.w.org\/{rel}","templated":true}]}}