{"id":5210,"date":"2019-02-12T10:02:51","date_gmt":"2019-02-12T09:02:51","guid":{"rendered":"http:\/\/canman.fr\/canman\/?page_id=5210"},"modified":"2019-02-12T10:02:51","modified_gmt":"2019-02-12T09:02:51","slug":"onsevoitou-com","status":"publish","type":"page","link":"https:\/\/www.canman.fr\/canman\/en\/onsevoitou-com\/","title":{"rendered":"onsevoitou.com"},"content":{"rendered":"<p>Onsevoitou.com &nbsp; Site de r\u00e9f\u00e9rencement &nbsp; Pour tirer le maximum du logiciel, ce n&#8217;est pas tr\u00e8s difficile :\u00a0 l&#8217;ergonomie du logiciel permet \u00e0 une personne qui connait bien son m\u00e9tier d&#8217;utiliser facilement Coclico en un apr\u00e8s midi. Pour la forma <a href=\"https:\/\/www.canman.fr\/canman\/en\/onsevoitou-com\/\" title=\"Read more on onsevoitou.com\" class=\"more-link\">read more<\/a><\/p>\n","protected":false},"excerpt":{"rendered":"<p>Onsevoitou.com &nbsp; Site de r\u00e9f\u00e9rencement &nbsp; Pour tirer le maximum du logiciel, ce n&#8217;est pas tr\u00e8s difficile :\u00a0 l&#8217;ergonomie du logiciel permet \u00e0 une personne qui connait bien son m\u00e9tier d&#8217;utiliser facilement Coclico en un apr\u00e8s midi. Pour la forma read more<\/p>\n","protected":false},"author":1,"featured_media":0,"parent":0,"menu_order":0,"comment_status":"closed","ping_status":"closed","template":"","meta":{"_uag_custom_page_level_css":"","footnotes":""},"uagb_featured_image_src":{"full":false,"thumbnail":false,"medium":false,"medium_large":false,"large":false,"1536x1536":false,"2048x2048":false,"post-thumbnail":false,"bookit-thumb-s":false,"bookit-slider-thumb":false,"bookit-thumb-m":false,"bookit-thumb-m-2":false,"bookit-thumb-masonry":false,"bookit-thumb-l":false,"bookit-thumb-l-2":false,"bookit-thumb-xl":false,"bookit-thumb-xl-2":false,"bookit-author-avatar":false,"bookit-thumb-listing-line-product":false,"bookit-thumb-301-226":false,"bookit-thumb-480-362":false,"bookit-thumb-1355-1020":false},"uagb_author_info":{"display_name":"canman","author_link":"https:\/\/www.canman.fr\/canman\/author\/canman\/"},"uagb_comment_info":0,"uagb_excerpt":"Onsevoitou.com &nbsp; Site de r\u00e9f\u00e9rencement &nbsp; Pour tirer le maximum du logiciel, ce n&#8217;est pas tr\u00e8s difficile :\u00a0 l&#8217;ergonomie du logiciel permet \u00e0 une personne qui connait bien son m\u00e9tier d&#8217;utiliser facilement Coclico en un apr\u00e8s midi. Pour la forma read more","_links":{"self":[{"href":"https:\/\/www.canman.fr\/canman\/wp-json\/wp\/v2\/pages\/5210"}],"collection":[{"href":"https:\/\/www.canman.fr\/canman\/wp-json\/wp\/v2\/pages"}],"about":[{"href":"https:\/\/www.canman.fr\/canman\/wp-json\/wp\/v2\/types\/page"}],"author":[{"embeddable":true,"href":"https:\/\/www.canman.fr\/canman\/wp-json\/wp\/v2\/users\/1"}],"replies":[{"embeddable":true,"href":"https:\/\/www.canman.fr\/canman\/wp-json\/wp\/v2\/comments?post=5210"}],"version-history":[{"count":2,"href":"https:\/\/www.canman.fr\/canman\/wp-json\/wp\/v2\/pages\/5210\/revisions"}],"predecessor-version":[{"id":5212,"href":"https:\/\/www.canman.fr\/canman\/wp-json\/wp\/v2\/pages\/5210\/revisions\/5212"}],"wp:attachment":[{"href":"https:\/\/www.canman.fr\/canman\/wp-json\/wp\/v2\/media?parent=5210"}],"curies":[{"name":"wp","href":"https:\/\/api.w.org\/{rel}","templated":true}]}}